{"id":12,"date":"2022-07-08T07:43:48","date_gmt":"2022-07-08T07:43:48","guid":{"rendered":"http:\/\/haio.adb.cl\/home\/?page_id=12"},"modified":"2022-07-08T23:37:30","modified_gmt":"2022-07-08T23:37:30","slug":"home","status":"publish","type":"page","link":"http:\/\/haio.adb.cl\/home\/","title":{"rendered":"HOME"},"content":{"rendered":"\n<div class=\"wp-block-cover alignfull is-light hestia-clear-top-padding\" style=\"min-height:755px;aspect-ratio:unset;\"><span aria-hidden=\"true\" class=\"wp-block-cover__background has-white-background-color has-background-dim-100 has-background-dim\"><\/span><div class=\"wp-block-cover__inner-container is-layout-flow wp-block-cover-is-layout-flow\">\n<h2 class=\"has-text-align-center has-text-color wp-block-heading\" style=\"color:#3c4858\">Que tiene de nuevo un HAIO&#x2122;<\/h2>\n\n\n\n<div style=\"height:40px\" aria-hidden=\"true\" class=\"wp-block-spacer\"><\/div>\n\n\n\n<div class=\"wp-block-columns container is-layout-flex wp-container-core-columns-is-layout-9d6595d7 wp-block-columns-is-layout-flex\">\n<div class=\"wp-block-column is-layout-flow wp-block-column-is-layout-flow\"><div class=\"wp-block-image\">\n<figure class=\"aligncenter size-large\"><img decoding=\"async\" src=\"http:\/\/haio.adb.cl\/home\/wp-content\/themes\/hestia\/assets\/img\/feat1.png\" alt=\"\" class=\"wp-image-70\"\/><\/figure>\n<\/div>\n\n\n<h5 class=\"has-text-align-center has-text-color wp-block-heading\" style=\"color:#3c4858;font-size:18px\">Comprometidos<\/h5>\n\n\n\n<p class=\"has-text-align-center has-text-color\" style=\"color:#999999;font-size:14px\">No es solo vender un HAIO&#x2122;, ademas nos ocupamos de ayudarte a rentabilizarlo, con diversas alternativas y locaciones.<\/p>\n\n\n\n<div style=\"height:25px\" aria-hidden=\"true\" class=\"wp-block-spacer\"><\/div>\n<\/div>\n\n\n\n<div class=\"wp-block-column is-layout-flow wp-block-column-is-layout-flow\"><div class=\"wp-block-image\">\n<figure class=\"aligncenter size-large\"><img decoding=\"async\" src=\"http:\/\/haio.adb.cl\/home\/wp-content\/themes\/hestia\/assets\/img\/feat2.png\" alt=\"\" class=\"wp-image-71\"\/><\/figure>\n<\/div>\n\n\n<h5 class=\"has-text-align-center has-text-color wp-block-heading\" style=\"color:#3c4858;font-size:18px\">Calidad<\/h5>\n\n\n\n<p class=\"has-text-align-center has-text-color\" style=\"color:#999999;font-size:14px\">HAIO&#x2122; es un conjunto de materiales e insumos de calidad, muy bien ensamblados y preparados para cumplir con los exigentes requerimientos de sus clientes y usuarios. <\/p>\n\n\n\n<div style=\"height:25px\" aria-hidden=\"true\" class=\"wp-block-spacer\"><\/div>\n<\/div>\n\n\n\n<div class=\"wp-block-column is-layout-flow wp-block-column-is-layout-flow\"><div class=\"wp-block-image\">\n<figure class=\"aligncenter size-large\"><img decoding=\"async\" src=\"http:\/\/haio.adb.cl\/home\/wp-content\/themes\/hestia\/assets\/img\/feat3.png\" alt=\"\" class=\"wp-image-72\"\/><\/figure>\n<\/div>\n\n\n<h5 class=\"has-text-align-center has-text-color wp-block-heading\" style=\"color:#3c4858;font-size:18px\">Garant\u00eda y soporte<\/h5>\n\n\n\n<p class=\"has-text-align-center has-text-color\" style=\"color:#999999;font-size:14px\">HAIO &#x2122;, garantiza la calidad estructural de sus productos por 10 A\u00f1os, asi como entrega soporte gratuito por la domotica incorporada en cada uno.<\/p>\n\n\n\n<div style=\"height:25px\" aria-hidden=\"true\" class=\"wp-block-spacer\"><\/div>\n<\/div>\n<\/div>\n\n\n\n<figure class=\"wp-block-table\"><table><tbody><tr><td><\/td><td><\/td><td><\/td><td><\/td><td><\/td><\/tr><tr><td><\/td><td><\/td><td><\/td><td><\/td><td><\/td><\/tr><\/tbody><\/table><\/figure>\n<\/div><\/div>\n\n\n\n<div class=\"wp-block-columns container is-layout-flex wp-container-core-columns-is-layout-9d6595d7 wp-block-columns-is-layout-flex\">\n<div class=\"wp-block-column col-md-5 is-layout-flow wp-block-column-is-layout-flow\">\n<h2 class=\"wp-block-heading\">\u00bfQue es un HAIO&#x2122;?<\/h2>\n\n\n\n<p><br>Es una estructura modular con dimensiones similares a un container mar\u00edtimo (5,895 MT x 2,350MT) El tama\u00f1o esta dado para su f\u00e1cil traslado, estos est\u00e1n desarrollados en torno a la <strong>DOMOTICA<\/strong>.<\/p>\n<\/div>\n\n\n\n<div class=\"wp-block-column col-md-6 col-md-offset1 is-layout-flow wp-block-column-is-layout-flow\">\n<div style=\"height:55px\" aria-hidden=\"true\" class=\"wp-block-spacer\"><\/div>\n\n\n\n<figure class=\"wp-block-gallery has-nested-images columns-default is-cropped wp-block-gallery-1 is-layout-flex wp-block-gallery-is-layout-flex\">\n<figure class=\"wp-block-image size-large\"><img loading=\"lazy\" decoding=\"async\" width=\"790\" height=\"440\" data-id=\"67\" src=\"http:\/\/haio.adb.cl\/home\/wp-content\/uploads\/2022\/07\/thumb_1005660_news_logo_large_standart.jpg\" alt=\"\" class=\"wp-image-67\" srcset=\"http:\/\/haio.adb.cl\/home\/wp-content\/uploads\/2022\/07\/thumb_1005660_news_logo_large_standart.jpg 790w, http:\/\/haio.adb.cl\/home\/wp-content\/uploads\/2022\/07\/thumb_1005660_news_logo_large_standart-300x167.jpg 300w, http:\/\/haio.adb.cl\/home\/wp-content\/uploads\/2022\/07\/thumb_1005660_news_logo_large_standart-768x428.jpg 768w\" sizes=\"auto, (max-width: 790px) 100vw, 790px\" \/><\/figure>\n<\/figure>\n<\/div>\n<\/div>\n\n\n\n<p><\/p>\n","protected":false},"excerpt":{"rendered":"<p>\u00bfQue es un HAIO&#x2122;? Es una estructura modular con dimensiones similares a un container mar\u00edtimo (5,895 MT x 2,350MT) El tama\u00f1o esta dado para su f\u00e1cil traslado, estos est\u00e1n desarrollados en torno a la DOMOTICA.<\/p>\n","protected":false},"author":1,"featured_media":0,"parent":0,"menu_order":0,"comment_status":"closed","ping_status":"closed","template":"","meta":{"footnotes":""},"class_list":["post-12","page","type-page","status-publish","hentry"],"_links":{"self":[{"href":"http:\/\/haio.adb.cl\/home\/index.php?rest_route=\/wp\/v2\/pages\/12","targetHints":{"allow":["GET"]}}],"collection":[{"href":"http:\/\/haio.adb.cl\/home\/index.php?rest_route=\/wp\/v2\/pages"}],"about":[{"href":"http:\/\/haio.adb.cl\/home\/index.php?rest_route=\/wp\/v2\/types\/page"}],"author":[{"embeddable":true,"href":"http:\/\/haio.adb.cl\/home\/index.php?rest_route=\/wp\/v2\/users\/1"}],"replies":[{"embeddable":true,"href":"http:\/\/haio.adb.cl\/home\/index.php?rest_route=%2Fwp%2Fv2%2Fcomments&post=12"}],"version-history":[{"count":7,"href":"http:\/\/haio.adb.cl\/home\/index.php?rest_route=\/wp\/v2\/pages\/12\/revisions"}],"predecessor-version":[{"id":68,"href":"http:\/\/haio.adb.cl\/home\/index.php?rest_route=\/wp\/v2\/pages\/12\/revisions\/68"}],"wp:attachment":[{"href":"http:\/\/haio.adb.cl\/home\/index.php?rest_route=%2Fwp%2Fv2%2Fmedia&parent=12"}],"curies":[{"name":"wp","href":"https:\/\/api.w.org\/{rel}","templated":true}]}}